{"id":14,"date":"2026-02-12T07:04:21","date_gmt":"2026-02-12T07:04:21","guid":{"rendered":"https:\/\/nicglobal.ro\/?page_id=14"},"modified":"2026-02-12T08:31:21","modified_gmt":"2026-02-12T08:31:21","slug":"home","status":"publish","type":"page","link":"https:\/\/nicglobal.ro\/","title":{"rendered":"home"},"content":{"rendered":"\t\t<div data-elementor-type=\"wp-page\" data-elementor-id=\"14\" class=\"elementor elementor-14\">\n\t\t\t\t\t\t<section class=\"elementor-section elementor-top-section elementor-element elementor-element-20tasjr elementor-section-boxed elementor-section-height-default elementor-section-height-default\" data-id=\"20tasjr\" data-element_type=\"section\" data-e-type=\"section\" data-settings=\"{&quot;background_background&quot;:&quot;video&quot;,&quot;background_video_link&quot;:&quot;https:\\\/\\\/vimeo.com\\\/1164254465?share=copy&amp;fl=sv&amp;fe=ci&quot;,&quot;background_play_on_mobile&quot;:&quot;yes&quot;}\">\n\t\t\t\t\t\t\t\t<div class=\"elementor-background-video-container\">\n\t\t\t\t\t\t\t\t\t\t\t\t\t<div class=\"elementor-background-video-embed\" role=\"presentation\"><\/div>\n\t\t\t\t\t\t\t\t\t\t\t\t<\/div>\n\t\t\t\t\t\t\t\t\t<div class=\"elementor-background-overlay\"><\/div>\n\t\t\t\t\t\t\t<div class=\"elementor-container elementor-column-gap-default\">\n\t\t\t\t\t<div class=\"elementor-column elementor-col-100 elementor-top-column elementor-element elementor-element-78af2ff\" data-id=\"78af2ff\" data-element_type=\"column\" data-e-type=\"column\">\n\t\t\t<div class=\"elementor-widget-wrap elementor-element-populated\">\n\t\t\t\t\t\t<div class=\"elementor-element elementor-element-58ba8f4 elementor-widget elementor-widget-heading\" data-id=\"58ba8f4\" data-element_type=\"widget\" data-e-type=\"widget\" data-widget_type=\"heading.default\">\n\t\t\t\t\t<h1 class=\"elementor-heading-title elementor-size-default\">INVESTIM \u00ceN SUCCESUL T\u0102U <\/h1>\t\t\t\t<\/div>\n\t\t\t\t\t<\/div>\n\t\t<\/div>\n\t\t\t\t\t<\/div>\n\t\t<\/section>\n\t\t<div class=\"elementor-element elementor-element-5ade662 e-flex e-con-boxed e-con e-parent\" data-id=\"5ade662\" data-element_type=\"container\" data-e-type=\"container\">\n\t\t\t\t\t<div class=\"e-con-inner\">\n\t\t\t\t<div class=\"elementor-element elementor-element-ab4e5b5 elementor-widget elementor-widget-heading\" data-id=\"ab4e5b5\" data-element_type=\"widget\" data-e-type=\"widget\" data-widget_type=\"heading.default\">\n\t\t\t\t\t<h2 class=\"elementor-heading-title elementor-size-default\">INVESTIM \u00ceN SUCCESUL T\u0102U<\/h2>\t\t\t\t<\/div>\n\t\t\t\t\t<\/div>\n\t\t\t\t<\/div>\n\t\t<div class=\"elementor-element elementor-element-eb7a497 e-flex e-con-boxed e-con e-parent\" data-id=\"eb7a497\" data-element_type=\"container\" data-e-type=\"container\">\n\t\t\t\t\t<div class=\"e-con-inner\">\n\t\t\t\t<div class=\"elementor-element elementor-element-4983761 elementor-widget elementor-widget-text-editor\" data-id=\"4983761\" data-element_type=\"widget\" data-e-type=\"widget\" data-widget_type=\"text-editor.default\">\n\t\t\t\t\t\t\t\t\t<p><strong><span style=\"font-family: Times New Roman, serif;\"><span style=\"font-size: medium;\">Agen\u021biile de publicitate exist\u0103 de mult timp \u0219i au evoluat \u00een timp, insa agen\u021bia NIC GLOBAL ENTERPRISES, se concentreaza pe performan\u021b\u0103, unicitate, priorit\u0103\u021bi \u0219i procese clare in crearea imaginii clientilor nostri. <\/span><\/span><\/strong><\/p><p><strong><span style=\"font-family: Times New Roman, serif;\"><span style=\"font-size: medium;\">Colaborand cu noi, sunte\u021bi parteneri \u00een crea\u021bia unei pove\u0219ti captivante pentru afacerea dvs, iar cu echipa noastr\u0103 de marketing, crearea imaginii pe care a\u021bi dorit-o dintotdeauna pentru societatea dvs. este mai u\u0219oar\u0103 dec\u00e2t v-a\u021bi imaginat vreodat\u0103.<\/span><\/span><\/strong><\/p><p><span style=\"font-family: Times New Roman, serif;\"><span style=\"font-size: medium;\"><strong>Pentru noi, publicitatea este mult mai mult dec\u00e2t simple mesaje \u0219i grafic\u0103. Este o form\u0103 de art\u0103 a conexiunii &#8211; un dialog \u00eentre noi \u0219i dvs. Cu pasiunea noastr\u0103 pentru storytelling \u0219i inova\u021bia \u00een publicitate, ne asigur\u0103m c\u0103 fiecare campanie este o oper\u0103 de art\u0103 personalizat\u0103.<\/strong> <\/span><\/span><\/p>\t\t\t\t\t\t\t\t<\/div>\n\t\t\t\t\t<\/div>\n\t\t\t\t<\/div>\n\t\t<div class=\"elementor-element elementor-element-40d08d7 e-flex e-con-boxed e-con e-parent\" data-id=\"40d08d7\" data-element_type=\"container\" data-e-type=\"container\">\n\t\t\t\t\t<div class=\"e-con-inner\">\n\t\t\t\t<div class=\"elementor-element elementor-element-75eea78 elementor-widget elementor-widget-heading\" data-id=\"75eea78\" data-element_type=\"widget\" data-e-type=\"widget\" data-widget_type=\"heading.default\">\n\t\t\t\t\t<h2 class=\"elementor-heading-title elementor-size-default\">Oferim Servicii de Top pentru Clien\u021bi de Top<\/h2>\t\t\t\t<\/div>\n\t\t\t\t\t<\/div>\n\t\t\t\t<\/div>\n\t\t<div class=\"elementor-element elementor-element-3e7aba0 e-flex e-con-boxed e-con e-parent\" data-id=\"3e7aba0\" data-element_type=\"container\" data-e-type=\"container\">\n\t\t\t\t\t<div class=\"e-con-inner\">\n\t\t\t\t<div class=\"elementor-element elementor-element-2d38a6b elementor-widget elementor-widget-text-editor\" data-id=\"2d38a6b\" data-element_type=\"widget\" data-e-type=\"widget\" data-widget_type=\"text-editor.default\">\n\t\t\t\t\t\t\t\t\t<p><strong>\u00a0<\/strong><\/p><p><strong><span style=\"font-family: Times New Roman, serif;\"><span style=\"font-size: medium;\">Servicii publicitare care reflect\u0103 unicitatea afacerii dvs; <\/span><\/span><\/strong><\/p><p><strong><span style=\"font-family: Times New Roman, serif;\"><span style=\"font-size: medium;\">Servicii create pentru a satisface cele mai exigente gusturi ale clien\u021bilor no\u0219tri; <\/span><\/span><\/strong><\/p><p><span style=\"font-family: Times New Roman, serif;\"><span style=\"font-size: medium;\"><strong>Servicii personalizate si de calitate;<\/strong> <\/span><\/span><\/p>\t\t\t\t\t\t\t\t<\/div>\n\t\t\t\t\t<\/div>\n\t\t\t\t<\/div>\n\t\t<div class=\"elementor-element elementor-element-e75753a e-flex e-con-boxed e-con e-parent\" data-id=\"e75753a\" data-element_type=\"container\" data-e-type=\"container\">\n\t\t\t\t\t<div class=\"e-con-inner\">\n\t\t\t\t<div class=\"elementor-element elementor-element-6e71924 elementor-widget elementor-widget-heading\" data-id=\"6e71924\" data-element_type=\"widget\" data-e-type=\"widget\" data-widget_type=\"heading.default\">\n\t\t\t\t\t<h2 class=\"elementor-heading-title elementor-size-default\">SUNTEM PASIONATI<\/h2>\t\t\t\t<\/div>\n\t\t\t\t\t<\/div>\n\t\t\t\t<\/div>\n\t\t<div class=\"elementor-element elementor-element-d047458 e-flex e-con-boxed e-con e-parent\" data-id=\"d047458\" data-element_type=\"container\" data-e-type=\"container\">\n\t\t\t\t\t<div class=\"e-con-inner\">\n\t\t\t\t<div class=\"elementor-element elementor-element-080b484 elementor-widget elementor-widget-text-editor\" data-id=\"080b484\" data-element_type=\"widget\" data-e-type=\"widget\" data-widget_type=\"text-editor.default\">\n\t\t\t\t\t\t\t\t\t<p><strong><span style=\"font-family: Times New Roman, serif;\"><span style=\"font-size: medium;\">Echipa noastr\u0103 profesionist\u0103 de publicitate se asigura c\u0103 ob\u021bine\u021bi cel mai \u00eenalt nivel de ajutor pentru promovarea produsului si al serviciului dvs.<\/span><\/span><\/strong><\/p><p><strong><span style=\"font-family: Times New Roman, serif;\"><span style=\"font-size: medium;\">Suntem ceea ce ai nevoie! Lucram cu pasiune pentru a va ajuta s\u0103 concurati cu succes.<\/span><\/span><\/strong><\/p>\t\t\t\t\t\t\t\t<\/div>\n\t\t\t\t\t<\/div>\n\t\t\t\t<\/div>\n\t\t<div class=\"elementor-element elementor-element-38612e6 e-flex e-con-boxed e-con e-parent\" data-id=\"38612e6\" data-element_type=\"container\" data-e-type=\"container\">\n\t\t\t\t\t<div class=\"e-con-inner\">\n\t\t\t\t<div class=\"elementor-element elementor-element-0a77ac8 elementor-widget elementor-widget-heading\" data-id=\"0a77ac8\" data-element_type=\"widget\" data-e-type=\"widget\" data-widget_type=\"heading.default\">\n\t\t\t\t\t<h2 class=\"elementor-heading-title elementor-size-default\">ORIUNDE ORICAND<\/h2>\t\t\t\t<\/div>\n\t\t\t\t\t<\/div>\n\t\t\t\t<\/div>\n\t\t<div class=\"elementor-element elementor-element-4c70913 e-flex e-con-boxed e-con e-parent\" data-id=\"4c70913\" data-element_type=\"container\" data-e-type=\"container\">\n\t\t\t\t\t<div class=\"e-con-inner\">\n\t\t\t\t<div class=\"elementor-element elementor-element-2cb520f elementor-widget elementor-widget-text-editor\" data-id=\"2cb520f\" data-element_type=\"widget\" data-e-type=\"widget\" data-widget_type=\"text-editor.default\">\n\t\t\t\t\t\t\t\t\t<p><strong><span style=\"font-family: Times New Roman, serif;\"><span style=\"font-size: medium;\">Agen\u021bia noastra de marketing este localizata \u00een Mun. Cluj-Napoca, insa online, in toat\u0103 \u021bara, asigur\u00e2ndu-va c\u0103 ve\u021bi fi ajutat oricand si oriunde. <\/span><\/span><\/strong><\/p><p><strong><span style=\"font-family: Times New Roman, serif;\"><span style=\"font-size: medium;\">Ne dorim s\u0103 fim al\u0103turi de dvs. \u00een aceast\u0103 c\u0103l\u0103torie creativ\u0103. <\/span><\/span><\/strong><\/p><p><strong><span style=\"font-family: Times New Roman, serif;\"><span style=\"font-size: medium;\">Va rug\u0103m s\u0103 ne contactati pentru a stabili o \u00eent\u00e2lnire \u0219i pentru a descoperi cum putem s\u0103 aducem povestea dvs. \u00een randul celor mai cunoscute companii.<\/span><\/span><\/strong><\/p>\t\t\t\t\t\t\t\t<\/div>\n\t\t\t\t\t<\/div>\n\t\t\t\t<\/div>\n\t\t\t\t<\/div>\n\t\t","protected":false},"excerpt":{"rendered":"<p>INVESTIM \u00ceN SUCCESUL T\u0102U INVESTIM \u00ceN SUCCESUL T\u0102U Agen\u021biile de publicitate exist\u0103 de mult timp \u0219i au evoluat \u00een timp, [&hellip;]<\/p>\n","protected":false},"author":1,"featured_media":0,"parent":0,"menu_order":0,"comment_status":"closed","ping_status":"closed","template":"","meta":{"site-sidebar-layout":"no-sidebar","site-content-layout":"plain-container","ast-site-content-layout":"full-width-container","site-content-style":"default","site-sidebar-style":"default","ast-global-header-display":"","ast-banner-title-visibility":"","ast-main-header-display":"","ast-hfb-above-header-display":"","ast-hfb-below-header-display":"","ast-hfb-mobile-header-display":"","site-post-title":"disabled","ast-breadcrumbs-content":"","ast-featured-img":"disabled","footer-sml-layout":"","ast-disable-related-posts":"","theme-transparent-header-meta":"enabled","adv-header-id-meta":"","stick-header-meta":"","header-above-stick-meta":"","header-main-stick-meta":"","header-below-stick-meta":"","astra-migrate-meta-layouts":"default","ast-page-background-enabled":"default","ast-page-background-meta":{"desktop":{"background-color":"var(--ast-global-color-5)","background-image":"","background-repeat":"repeat","background-position":"center center","background-size":"auto","background-attachment":"scroll","background-type":"","background-media":"","overlay-type":"","overlay-color":"","overlay-opacity":"","overlay-gradient":""},"tablet":{"background-color":"","background-image":"","background-repeat":"repeat","background-position":"center center","background-size":"auto","background-attachment":"scroll","background-type":"","background-media":"","overlay-type":"","overlay-color":"","overlay-opacity":"","overlay-gradient":""},"mobile":{"background-color":"","background-image":"","background-repeat":"repeat","background-position":"center center","background-size":"auto","background-attachment":"scroll","background-type":"","background-media":"","overlay-type":"","overlay-color":"","overlay-opacity":"","overlay-gradient":""}},"ast-content-background-meta":{"desktop":{"background-color":"var(--ast-global-color-4)","background-image":"","background-repeat":"repeat","background-position":"center center","background-size":"auto","background-attachment":"scroll","background-type":"","background-media":"","overlay-type":"","overlay-color":"","overlay-opacity":"","overlay-gradient":""},"tablet":{"background-color":"var(--ast-global-color-4)","background-image":"","background-repeat":"repeat","background-position":"center center","background-size":"auto","background-attachment":"scroll","background-type":"","background-media":"","overlay-type":"","overlay-color":"","overlay-opacity":"","overlay-gradient":""},"mobile":{"background-color":"var(--ast-global-color-4)","background-image":"","background-repeat":"repeat","background-position":"center center","background-size":"auto","background-attachment":"scroll","background-type":"","background-media":"","overlay-type":"","overlay-color":"","overlay-opacity":"","overlay-gradient":""}},"footnotes":""},"class_list":["post-14","page","type-page","status-publish","hentry"],"_links":{"self":[{"href":"https:\/\/nicglobal.ro\/index.php?rest_route=\/wp\/v2\/pages\/14","targetHints":{"allow":["GET"]}}],"collection":[{"href":"https:\/\/nicglobal.ro\/index.php?rest_route=\/wp\/v2\/pages"}],"about":[{"href":"https:\/\/nicglobal.ro\/index.php?rest_route=\/wp\/v2\/types\/page"}],"author":[{"embeddable":true,"href":"https:\/\/nicglobal.ro\/index.php?rest_route=\/wp\/v2\/users\/1"}],"replies":[{"embeddable":true,"href":"https:\/\/nicglobal.ro\/index.php?rest_route=%2Fwp%2Fv2%2Fcomments&post=14"}],"version-history":[{"count":5,"href":"https:\/\/nicglobal.ro\/index.php?rest_route=\/wp\/v2\/pages\/14\/revisions"}],"predecessor-version":[{"id":86,"href":"https:\/\/nicglobal.ro\/index.php?rest_route=\/wp\/v2\/pages\/14\/revisions\/86"}],"wp:attachment":[{"href":"https:\/\/nicglobal.ro\/index.php?rest_route=%2Fwp%2Fv2%2Fmedia&parent=14"}],"curies":[{"name":"wp","href":"https:\/\/api.w.org\/{rel}","templated":true}]}}